{"id":5516,"date":"2024-12-18T16:58:00","date_gmt":"2024-12-18T15:58:00","guid":{"rendered":"https:\/\/www.naturisme.com\/?page_id=5516"},"modified":"2025-01-13T09:57:04","modified_gmt":"2025-01-13T08:57:04","slug":"plan-du-site","status":"publish","type":"page","link":"https:\/\/www.naturisme.com\/fr\/plan-du-site.html","title":{"rendered":"Plan du site"},"content":{"rendered":"<div class=\"wp-block-wpseopress-sitemap\"><div class=\"wrap-html-sitemap sp-html-sitemap\"><div class=\"sp-wrap-cpt\"><h2 class=\"sp-cpt-name\">Pages<\/h2><ul class=\"sp-list-posts sp-cpt-hierarchical\"><li class=\"page_item page-item-620\"><a href=\"https:\/\/www.naturisme.com\/fr\/naturisme-definition\/\">Le Naturisme<\/a><ul class='children'><li class=\"page_item page-item-1936\"><a href=\"https:\/\/www.naturisme.com\/fr\/naturisme-definition\/randonnees-naturistes.html\">Randonn\u00e9es naturistes<\/a><\/li><li class=\"page_item page-item-1929\"><a href=\"https:\/\/www.naturisme.com\/fr\/naturisme-definition\/naturisme-campagne.html\">Naturisme \u00e0 la campagne<\/a><\/li><li class=\"page_item page-item-1922\"><a href=\"https:\/\/www.naturisme.com\/fr\/naturisme-definition\/naturisme-mer.html\">Naturisme \u00e0 la mer avec les campings naturistes<\/a><\/li><li class=\"page_item page-item-1914\"><a href=\"https:\/\/www.naturisme.com\/fr\/naturisme-definition\/naturisme-en-famille.html\">Naturisme en famille<\/a><\/li><li class=\"page_item page-item-1905\"><a href=\"https:\/\/www.naturisme.com\/fr\/naturisme-definition\/naturisme-en-france.html\">L\u2019essor du naturisme en France<\/a><\/li><li class=\"page_item page-item-1457\"><a href=\"https:\/\/www.naturisme.com\/fr\/naturisme-definition\/naturisme-en-guerre.html\">L&rsquo;histoire du naturisme: la seconde guerre mondiale<\/a><\/li><li class=\"page_item page-item-1438\"><a href=\"https:\/\/www.naturisme.com\/fr\/naturisme-definition\/naturisme-histoire.html\">Les pionniers<\/a><\/li><\/ul><\/li><li class=\"page_item page-item-75\"><a href=\"https:\/\/www.naturisme.com\/fr\/\">Page d&rsquo;accueil<\/a><\/li><li class=\"page_item page-item-76 current_page_parent\"><a href=\"https:\/\/www.naturisme.com\/fr\/blog-naturisme\/\">Blog<\/a><\/li><li class=\"page_item page-item-3\"><a href=\"https:\/\/www.naturisme.com\/fr\/mentions-legales.html\">Mentions l\u00e9gales et politique de confidentialit\u00e9<\/a><\/li><li class=\"page_item page-item-5516\"><a href=\"https:\/\/www.naturisme.com\/fr\/plan-du-site.html\">Plan du site<\/a><\/li><\/ul><\/div><div class=\"sp-wrap-cpt\"><h2 class=\"sp-cpt-name\">Articles<\/h2><div class=\"sp-wrap-cats\"><div class=\"sp-wrap-cat\"><h3 class=\"sp-cat-name\"><a href=\"https:\/\/www.naturisme.com\/fr\/blog-naturisme\/categorie\/activites\/\">Activit\u00e9s<\/a><\/h3><ul class=\"sp-list-posts\"><li><a href=\"https:\/\/www.naturisme.com\/fr\/blog-naturisme\/quest-ce-le-world-naked-bike-ride.html\">Qu&rsquo;est-ce le World naked bike ride ?<\/a> &#8211; 20 janvier 2024<\/li><li><a href=\"https:\/\/www.naturisme.com\/fr\/blog-naturisme\/naturisme-en-provence.html\">Lib\u00e9rez votre esprit et d\u00e9couvrez le naturisme en Provence !<\/a> &#8211; 2 d\u00e9cembre 2023<\/li><li><a href=\"https:\/\/www.naturisme.com\/fr\/blog-naturisme\/essayez-laquagym.html\">Profitez de vos vacances naturistes pour essayer l&rsquo;aquagym<\/a> &#8211; 2 ao\u00fbt 2023<\/li><li><a href=\"https:\/\/www.naturisme.com\/fr\/blog-naturisme\/pratiquez-la-randonue-en-toute-simplicite.html\">Randonue en toute simplicit\u00e9<\/a> &#8211; 15 juillet 2023<\/li><li><a href=\"https:\/\/www.naturisme.com\/fr\/blog-naturisme\/naturisme-et-sports.html\">Quand le sportif et le naturiste ne font plus qu&rsquo;un<\/a> &#8211; 21 d\u00e9cembre 2022<\/li><li><a href=\"https:\/\/www.naturisme.com\/fr\/blog-naturisme\/yoga-et-naturisme.html\">Naturisme et yoga : une exp\u00e9rience sensorielle exceptionnelle !<\/a> &#8211; 14 d\u00e9cembre 2022<\/li><li><a href=\"https:\/\/www.naturisme.com\/fr\/blog-naturisme\/naturisme-futures-mamans.html\">Vivre une grossesse \u00e9panouie gr\u00e2ce au naturisme !<\/a> &#8211; 7 d\u00e9cembre 2022<\/li><li><a href=\"https:\/\/www.naturisme.com\/fr\/blog-naturisme\/10-conseils-initier-naturisme.html\">10 conseils pour partir \u00e0 la d\u00e9couverte du naturisme<\/a> &#8211; 30 novembre 2022<\/li><li><a href=\"https:\/\/www.naturisme.com\/fr\/blog-naturisme\/vacances-naturistes-hors-saison.html\">Vous \u00eates retrait\u00e9s ? Privil\u00e9giez le naturisme hors-saison !<\/a> &#8211; 16 novembre 2022<\/li><li><a href=\"https:\/\/www.naturisme.com\/fr\/blog-naturisme\/ou-faire-du-naturisme-en-vendee-blog-naturisme.html\">O\u00f9 faire du naturisme en Vend\u00e9e?<\/a> &#8211; 5 octobre 2022<\/li><li><a href=\"https:\/\/www.naturisme.com\/fr\/blog-naturisme\/naturisme-en-dordogne.html\">Le naturisme en Dordogne : un v\u00e9ritable retour aux sources<\/a> &#8211; 7 septembre 2022<\/li><li><a href=\"https:\/\/www.naturisme.com\/fr\/blog-naturisme\/journee-naturiste-typique.html\">Une journ\u00e9e naturiste typique<\/a> &#8211; 3 ao\u00fbt 2022<\/li><li><a href=\"https:\/\/www.naturisme.com\/fr\/blog-naturisme\/naturisme-et-remise-en-forme.html\">Le naturisme, c&rsquo;est le summum de la remise en forme !<\/a> &#8211; 20 avril 2022<\/li><li><a href=\"https:\/\/www.naturisme.com\/fr\/blog-naturisme\/gastronomie-terroirs-corse.html\">Naturisme et d\u00e9lices gastronomiques en Corse !<\/a> &#8211; 23 f\u00e9vrier 2022<\/li><li><a href=\"https:\/\/www.naturisme.com\/fr\/blog-naturisme\/meditez-en-pleine-nature.html\">M\u00e9ditez nu en pleine nature et acc\u00e9dez \u00e0 la paix int\u00e9rieure !<\/a> &#8211; 23 novembre 2021<\/li><li><a href=\"https:\/\/www.naturisme.com\/fr\/blog-naturisme\/le-naturisme-alpin.html\">Le naturisme alpin<\/a> &#8211; 2 septembre 2021<\/li><li><a href=\"https:\/\/www.naturisme.com\/fr\/blog-naturisme\/monter-a-cheval-sur-la-plage-naturiste.html\">Monter \u00e0 cheval sur la plage naturiste<\/a> &#8211; 26 ao\u00fbt 2021<\/li><li><a href=\"https:\/\/www.naturisme.com\/fr\/blog-naturisme\/developper-votre-creativite-au-camping-naturiste.html\">D\u00e9velopper votre cr\u00e9ativit\u00e9 au camping naturiste<\/a> &#8211; 25 ao\u00fbt 2021<\/li><li><a href=\"https:\/\/www.naturisme.com\/fr\/blog-naturisme\/le-naturisme-ou-lart-de-prendre-son-temps.html\">Le naturisme ou l\u2019art de prendre son temps<\/a> &#8211; 23 juillet 2021<\/li><li><a href=\"https:\/\/www.naturisme.com\/fr\/blog-naturisme\/8-bonnes-raisons-de-pratiquer-le-naturisme.html\">8 bonnes raisons de pratiquer le naturisme<\/a> &#8211; 23 juillet 2021<\/li><li><a href=\"https:\/\/www.naturisme.com\/fr\/blog-naturisme\/le-naturisme-un-veritable-art-de-vivre.html\">Le naturisme, un v\u00e9ritable art de vivre<\/a> &#8211; 23 juin 2021<\/li><li><a href=\"https:\/\/www.naturisme.com\/fr\/blog-naturisme\/naturisme-le-corps-en-liberte\/\">Naturisme, le corps en libert\u00e9<\/a> &#8211; 23 f\u00e9vrier 2021<\/li><li><a href=\"https:\/\/www.naturisme.com\/fr\/blog-naturisme\/naturisme-quels-sports-pratiquer-blog-naturisme.html\">Naturisme, quels sports pratiquer\u00a0?<\/a> &#8211; 4 f\u00e9vrier 2021<\/li><li><a href=\"https:\/\/www.naturisme.com\/fr\/blog-naturisme\/devenir-naturiste.html\">Comment devenir naturiste<\/a> &#8211; 12 ao\u00fbt 2020<\/li><li><a href=\"https:\/\/www.naturisme.com\/fr\/blog-naturisme\/gastronomie-terroirs-cote-d-azur.html\">Naturisme et escapade gourmande sur la C\u00f4te d&rsquo;Azur !<\/a> &#8211; 23 novembre 2019<\/li><li><a href=\"https:\/\/www.naturisme.com\/fr\/blog-naturisme\/pourquoi-le-naturisme-rend-il-heureux.html\">Le naturisme : un art de vivre qui rend vraiment heureux !<\/a> &#8211; 6 novembre 2019<\/li><li><a href=\"https:\/\/www.naturisme.com\/fr\/blog-naturisme\/naturisme-en-cote-d-azur.html\">Faire du naturisme dans un cadre f\u00e9erique : la C\u00f4te d&rsquo;Azur !<\/a> &#8211; 21 octobre 2019<\/li><li><a href=\"https:\/\/www.naturisme.com\/fr\/blog-naturisme\/gastronomie-terroirs-provence.html\">Naturisme en Provence : un merveilleux voyage gastronomique !<\/a> &#8211; 12 septembre 2019<\/li><li><a href=\"https:\/\/www.naturisme.com\/fr\/blog-naturisme\/naturisme-en-corse.html\">Vivre nu sur une terre au c\u0153ur de la M\u00e9diterrann\u00e9e : la Corse !<\/a> &#8211; 23 juillet 2019<\/li><li><a href=\"https:\/\/www.naturisme.com\/fr\/blog-naturisme\/gastronomie-terroirs-dordogne.html\">Naturisme en Dordogne : ouvrez-vous l&rsquo;app\u00e9tit !<\/a> &#8211; 9 mai 2019<\/li><\/ul><\/div><div class=\"sp-wrap-cat\"><h3 class=\"sp-cat-name\"><a href=\"https:\/\/www.naturisme.com\/fr\/blog-naturisme\/categorie\/conseils\/\">Conseils<\/a><\/h3><ul class=\"sp-list-posts\"><li><a href=\"https:\/\/www.naturisme.com\/fr\/blog-naturisme\/vacances-naturistes-economiques.html\">Des vacances naturistes sans se ruiner pour les petits budgets !<\/a> &#8211; 19 mars 2019<\/li><li><a href=\"https:\/\/www.naturisme.com\/fr\/blog-naturisme\/conseils-vacances-naturistes-reussies.html\">Comment passer des vacances de r\u00eave en centre naturiste ?<\/a> &#8211; 23 octobre 2018<\/li><li><a href=\"https:\/\/www.naturisme.com\/fr\/blog-naturisme\/naturisme-septembre.html\">Naturisme en septembre : un avant-go\u00fbt du paradis !<\/a> &#8211; 3 septembre 2018<\/li><li><a href=\"https:\/\/www.naturisme.com\/fr\/blog-naturisme\/choisir-son-camping-naturiste.html\">Choisissez le camping naturiste qui vous ressemble !<\/a> &#8211; 8 juin 2018<\/li><\/ul><\/div><div class=\"sp-wrap-cat\"><h3 class=\"sp-cat-name\"><a href=\"https:\/\/www.naturisme.com\/fr\/blog-naturisme\/categorie\/famille\/\">Famille<\/a><\/h3><ul class=\"sp-list-posts\"><li><a href=\"https:\/\/www.naturisme.com\/fr\/blog-naturisme\/vacances-naturistes-en-famille.html\">Vacances naturistes en famille&#8230; Naturellement !<\/a> &#8211; 12 juillet 2023<\/li><li><a href=\"https:\/\/www.naturisme.com\/fr\/blog-naturisme\/naturisme-avec-enfants.html\">Oser le naturisme avec ses enfants !<\/a> &#8211; 5 juillet 2023<\/li><li><a href=\"https:\/\/www.naturisme.com\/fr\/blog-naturisme\/naturisme-avec-ados.html\">Le naturisme avec des ados<\/a> &#8211; 16 novembre 2022<\/li><\/ul><\/div><div class=\"sp-wrap-cat\"><h3 class=\"sp-cat-name\"><a href=\"https:\/\/www.naturisme.com\/fr\/blog-naturisme\/categorie\/hebergement\/\">H\u00e9bergement<\/a><\/h3><ul class=\"sp-list-posts\"><li><a href=\"https:\/\/www.naturisme.com\/fr\/blog-naturisme\/camping-naturiste-location-ou-tente.html\">Camping naturiste\u00a0: location ou tente ?<\/a> &#8211; 20 octobre 2021<\/li><\/ul><\/div><div class=\"sp-wrap-cat\"><h3 class=\"sp-cat-name\"><a href=\"https:\/\/www.naturisme.com\/fr\/blog-naturisme\/categorie\/novices\/\">Novices<\/a><\/h3><ul class=\"sp-list-posts\"><li><a href=\"https:\/\/www.naturisme.com\/fr\/blog-naturisme\/comment-debuter-le-naturisme.html\">\u00c0 la d\u00e9couverte du naturisme ou comment d\u00e9buter !<\/a> &#8211; 26 juillet 2023<\/li><li><a href=\"https:\/\/www.naturisme.com\/fr\/blog-naturisme\/pratiquer-naturismecom.html\">7 bonnes raisons d&rsquo;essayer le naturisme<\/a> &#8211; 12 juillet 2023<\/li><li><a href=\"https:\/\/www.naturisme.com\/fr\/blog-naturisme\/boom-naturisme.html\">Le boom du naturisme<\/a> &#8211; 8 mars 2023<\/li><li><a href=\"https:\/\/www.naturisme.com\/fr\/blog-naturisme\/5-activites-a-pratiquer-en-famille-dans-un-camping-naturiste-blog-naturisme.html\">5 activit\u00e9s \u00e0 pratiquer en famille dans un camping naturiste<\/a> &#8211; 23 d\u00e9cembre 2022<\/li><li><a href=\"https:\/\/www.naturisme.com\/fr\/blog-naturisme\/difference-entre-naturisme-et-nudisme.html\">Connaissez-vous la diff\u00e9rence entre nudisme et naturisme ?<\/a> &#8211; 6 juillet 2022<\/li><li><a href=\"https:\/\/www.naturisme.com\/fr\/blog-naturisme\/comment-devenir-naturiste.html\">Comment r\u00e9veiller le naturiste qui sommeille en vous ?<\/a> &#8211; 12 septembre 2018<\/li><li><a href=\"https:\/\/www.naturisme.com\/fr\/blog-naturisme\/naturisme-comment-commencer.html\">Avec le naturisme, commencez votre voyage vers la libert\u00e9 !<\/a> &#8211; 23 mai 2018<\/li><\/ul><\/div><div class=\"sp-wrap-cat\"><h3 class=\"sp-cat-name\"><a href=\"https:\/\/www.naturisme.com\/fr\/blog-naturisme\/categorie\/regional\/\">R\u00e9gional<\/a><\/h3><ul class=\"sp-list-posts\"><li><a href=\"https:\/\/www.naturisme.com\/fr\/blog-naturisme\/randonnee-naturiste-creuse.html\">Un grand bol d&rsquo;air frais au c\u0153ur de la Creuse !<\/a> &#8211; 8 novembre 2023<\/li><li><a href=\"https:\/\/www.naturisme.com\/fr\/blog-naturisme\/randonnee-naturiste-dordogne.html\">En Dordogne, la promenade se pratique en pleine nature !<\/a> &#8211; 7 septembre 2023<\/li><li><a href=\"https:\/\/www.naturisme.com\/fr\/blog-naturisme\/plages-naturistes-corse.html\">Plongez nus dans les eaux turquoise de l&rsquo;\u00eele de Beaut\u00e9 !<\/a> &#8211; 12 octobre 2022<\/li><li><a href=\"https:\/\/www.naturisme.com\/fr\/blog-naturisme\/plages-naturistes-vendee.html\">Bronzer nu sur une plage de Vend\u00e9e, c&rsquo;est \u00e7a la libert\u00e9 !<\/a> &#8211; 6 octobre 2022<\/li><li><a href=\"https:\/\/www.naturisme.com\/fr\/blog-naturisme\/plages-naturistes-cote-dazur.html\">Escapade naturiste sur les plages de la Cote d&rsquo;Azur<\/a> &#8211; 1 juin 2022<\/li><li><a href=\"https:\/\/www.naturisme.com\/fr\/blog-naturisme\/gastronomie-terroirs-vendee.html\">Camping naturiste : Naturisme et terroirs en Vend\u00e9e<\/a> &#8211; 4 mai 2022<\/li><li><a href=\"https:\/\/www.naturisme.com\/fr\/blog-naturisme\/les-plus-belles-plages-naturistes-de-france.html\">Les plus belles plages naturistes de France<\/a> &#8211; 15 mars 2022<\/li><li><a href=\"https:\/\/www.naturisme.com\/fr\/blog-naturisme\/gastronomie-terroirs-creuse.html\">Un v\u00e9ritable retour \u00e0 la nature et profiter d&rsquo;un peu de calme pendant vos vacances? Passez vos vacances naturistes en Creuse!<\/a> &#8211; 23 d\u00e9cembre 2021<\/li><li><a href=\"https:\/\/www.naturisme.com\/fr\/blog-naturisme\/naturisme-en-creuse.html\">Envie de libert\u00e9 ? D\u00e9couvrez le naturisme dans la Creuse<\/a> &#8211; 23 mai 2019<\/li><li><a href=\"https:\/\/www.naturisme.com\/fr\/blog-naturisme\/naturisme-en-vendee.html\">Le naturisme en Vend\u00e9e, c&rsquo;est un voyage entre mer et campagne !<\/a> &#8211; 14 f\u00e9vrier 2019<\/li><\/ul><\/div><div class=\"sp-wrap-cat\"><h3 class=\"sp-cat-name\"><a href=\"https:\/\/www.naturisme.com\/fr\/blog-naturisme\/categorie\/remise-en-forme\/\">Remise en forme<\/a><\/h3><ul class=\"sp-list-posts\"><li><a href=\"https:\/\/www.naturisme.com\/fr\/blog-naturisme\/week-end-naturiste.html\">\u00c9vadez-vous le temps d&rsquo;un week-end naturiste !<\/a> &#8211; 23 avril 2023<\/li><li><a href=\"https:\/\/www.naturisme.com\/fr\/blog-naturisme\/naturisme-bien-etre.html\">Le naturisme : voyage vers le bien-\u00eatre !<\/a> &#8211; 1 mars 2023<\/li><li><a href=\"https:\/\/www.naturisme.com\/fr\/blog-naturisme\/bienfaits-naturisme.html\">Le naturisme : une philosophie de vie riche en bienfaits !<\/a> &#8211; 12 juillet 2018<\/li><\/ul><\/div><div class=\"sp-wrap-cat\"><h3 class=\"sp-cat-name\"><a href=\"https:\/\/www.naturisme.com\/fr\/blog-naturisme\/categorie\/seniors\/\">S\u00e9niors<\/a><\/h3><ul class=\"sp-list-posts\"><li><a href=\"https:\/\/www.naturisme.com\/fr\/blog-naturisme\/naturisme-pour-seniors.html\">Naturisme pour les seniors : une v\u00e9ritable cure de jouvence !<\/a> &#8211; 5 avril 2023<\/li><\/ul><\/div><div class=\"sp-wrap-cat\"><h3 class=\"sp-cat-name\"><a href=\"https:\/\/www.naturisme.com\/fr\/blog-naturisme\/categorie\/style-de-vie\/\">Style de vie<\/a><\/h3><ul class=\"sp-list-posts\"><li><a href=\"https:\/\/www.naturisme.com\/fr\/blog-naturisme\/vivre-nu-avec-respect.html\">Apprenez \u00e0 vivre nu, en parfaite osmose avec la nature et autrui !<\/a> &#8211; 22 juillet 2023<\/li><li><a href=\"https:\/\/www.naturisme.com\/fr\/blog-naturisme\/naturisme-a-la-mer.html\">Naturisme \u00e0 la mer<\/a> &#8211; 23 novembre 2022<\/li><li><a href=\"https:\/\/www.naturisme.com\/fr\/blog-naturisme\/naturisme-bord-mer.html\">Naturisme en bord de mer<\/a> &#8211; 20 janvier 2022<\/li><li><a href=\"https:\/\/www.naturisme.com\/fr\/blog-naturisme\/naturisme-campagne.html\">La campagne, l\u00e0 o\u00f9 il fait bon vivre le naturisme!<\/a> &#8211; 2 juillet 2016<\/li><\/ul><\/div><\/div><\/div><\/div><\/div>","protected":false},"excerpt":{"rendered":"","protected":false},"author":1,"featured_media":5521,"parent":0,"menu_order":5,"comment_status":"closed","ping_status":"closed","template":"","meta":{"_seopress_robots_primary_cat":"","_seopress_titles_title":"Plan du Site | Naturisme.com | D\u00e9couvrez toutes nos pages","_seopress_titles_desc":"Explorez le plan du site Naturisme.com et acc\u00e9dez facilement \u00e0 toutes nos rubriques : destinations naturistes, conseils, actualit\u00e9s et bien plus. D\u00e9couvrez l'univers du naturisme en toute s\u00e9r\u00e9nit\u00e9 !","_seopress_robots_index":"","footnotes":""},"class_list":["post-5516","page","type-page","status-publish","has-post-thumbnail","hentry"],"_links":{"self":[{"href":"https:\/\/www.naturisme.com\/fr\/wp-json\/wp\/v2\/pages\/5516","targetHints":{"allow":["GET"]}}],"collection":[{"href":"https:\/\/www.naturisme.com\/fr\/wp-json\/wp\/v2\/pages"}],"about":[{"href":"https:\/\/www.naturisme.com\/fr\/wp-json\/wp\/v2\/types\/page"}],"author":[{"embeddable":true,"href":"https:\/\/www.naturisme.com\/fr\/wp-json\/wp\/v2\/users\/1"}],"replies":[{"embeddable":true,"href":"https:\/\/www.naturisme.com\/fr\/wp-json\/wp\/v2\/comments?post=5516"}],"version-history":[{"count":7,"href":"https:\/\/www.naturisme.com\/fr\/wp-json\/wp\/v2\/pages\/5516\/revisions"}],"predecessor-version":[{"id":5590,"href":"https:\/\/www.naturisme.com\/fr\/wp-json\/wp\/v2\/pages\/5516\/revisions\/5590"}],"wp:featuredmedia":[{"embeddable":true,"href":"https:\/\/www.naturisme.com\/fr\/wp-json\/wp\/v2\/media\/5521"}],"wp:attachment":[{"href":"https:\/\/www.naturisme.com\/fr\/wp-json\/wp\/v2\/media?parent=5516"}],"curies":[{"name":"wp","href":"https:\/\/api.w.org\/{rel}","templated":true}]}}